{"id":7,"date":"2024-07-13T13:53:34","date_gmt":"2024-07-13T11:53:34","guid":{"rendered":"http:\/\/ogrodostrowiec.pl\/?page_id=7"},"modified":"2026-03-31T07:04:35","modified_gmt":"2026-03-31T05:04:35","slug":"strona-glowna","status":"publish","type":"page","link":"https:\/\/ogrodostrowiec.pl\/","title":{"rendered":"strona glowna"},"content":{"rendered":"\t\t<div data-elementor-type=\"wp-post\" data-elementor-id=\"7\" class=\"elementor elementor-7\">\n\t\t\t\t<div class=\"elementor-element elementor-element-e16d338 e-flex e-con-boxed e-con e-parent\" data-id=\"e16d338\" data-element_type=\"container\">\n\t\t\t\t\t<div class=\"e-con-inner\">\n\t\t\t\t<div class=\"elementor-element elementor-element-787aad2 elementor-widget elementor-widget-heading\" data-id=\"787aad2\" data-element_type=\"widget\" data-widget_type=\"heading.default\">\n\t\t\t\t<div class=\"elementor-widget-container\">\n\t\t\t<style>\/*! elementor - v3.23.0 - 15-07-2024 *\/\n.elementor-heading-title{padding:0;margin:0;line-height:1}.elementor-widget-heading .elementor-heading-title[class*=elementor-size-]>a{color:inherit;font-size:inherit;line-height:inherit}.elementor-widget-heading .elementor-heading-title.elementor-size-small{font-size:15px}.elementor-widget-heading .elementor-heading-title.elementor-size-medium{font-size:19px}.elementor-widget-heading .elementor-heading-title.elementor-size-large{font-size:29px}.elementor-widget-heading .elementor-heading-title.elementor-size-xl{font-size:39px}.elementor-widget-heading .elementor-heading-title.elementor-size-xxl{font-size:59px}<\/style><h1 class=\"elementor-heading-title elementor-size-default\">Centrum Ogrodnicze w Ostrowcu \u015awi\u0119tokrzyskim<\/h1>\t\t<\/div>\n\t\t\t\t<\/div>\n\t\t\t\t<div class=\"elementor-element elementor-element-d541569 elementor-widget elementor-widget-image\" data-id=\"d541569\" data-element_type=\"widget\" data-widget_type=\"image.default\">\n\t\t\t\t<div class=\"elementor-widget-container\">\n\t\t\t<style>\/*! elementor - v3.23.0 - 15-07-2024 *\/\n.elementor-widget-image{text-align:center}.elementor-widget-image a{display:inline-block}.elementor-widget-image a img[src$=\".svg\"]{width:48px}.elementor-widget-image img{vertical-align:middle;display:inline-block}<\/style>\t\t\t\t\t\t\t<figure class=\"wp-caption\">\n\t\t\t\t\t\t\t\t\t\t<img decoding=\"async\" src=\"https:\/\/ogrodostrowiec.pl\/wp-content\/uploads\/elementor\/thumbs\/logo-qr1rql1xggr2qvetj6ue1bvwvcglijahaoid904www.png\" title=\"Centrum Ogrodnicze w Ostr\u00f3wcu \u015awi\u0119tokrzyskim\" alt=\"Centrum Ogrodnicze w Ostr\u00f3wcu \u015awi\u0119tokrzyskim\" loading=\"lazy\" \/>\t\t\t\t\t\t\t\t\t\t\t<figcaption class=\"widget-image-caption wp-caption-text\"><\/figcaption>\n\t\t\t\t\t\t\t\t\t\t<\/figure>\n\t\t\t\t\t\t\t<\/div>\n\t\t\t\t<\/div>\n\t\t\t\t\t<\/div>\n\t\t\t\t<\/div>\n\t\t<div class=\"elementor-element elementor-element-b3e9741 e-flex e-con-boxed e-con e-parent\" data-id=\"b3e9741\" data-element_type=\"container\">\n\t\t\t\t\t<div class=\"e-con-inner\">\n\t\t<div class=\"elementor-element elementor-element-4788bf2 e-con-full e-flex e-con e-child\" data-id=\"4788bf2\" data-element_type=\"container\">\n\t\t\t\t<div class=\"elementor-element elementor-element-2af51f6 elementor-widget elementor-widget-heading\" data-id=\"2af51f6\" data-element_type=\"widget\" data-widget_type=\"heading.default\">\n\t\t\t\t<div class=\"elementor-widget-container\">\n\t\t\t<h4 class=\"elementor-heading-title elementor-size-default\">Ul. Stefana \u017beromskiego 38A,<div>Ostrowiec Swietokrzyski<span style=\"font-family: var( --e-global-typography-primary-font-family ), Sans-serif; font-size: clamp(1.1rem, 0.9466rem + 0.767vw, 1.5rem); font-weight: var( --e-global-typography-primary-font-weight );\"><\/span><\/div><\/h4>\t\t<\/div>\n\t\t\t\t<\/div>\n\t\t\t\t<div class=\"elementor-element elementor-element-949118c elementor-widget elementor-widget-google_maps\" data-id=\"949118c\" data-element_type=\"widget\" data-widget_type=\"google_maps.default\">\n\t\t\t\t<div class=\"elementor-widget-container\">\n\t\t\t<style>\/*! elementor - v3.23.0 - 15-07-2024 *\/\n.elementor-widget-google_maps .elementor-widget-container{overflow:hidden}.elementor-widget-google_maps .elementor-custom-embed{line-height:0}.elementor-widget-google_maps iframe{height:300px}<\/style>\t\t<div class=\"elementor-custom-embed\">\n\t\t\t<iframe loading=\"lazy\"\n\t\t\t\t\tsrc=\"https:\/\/maps.google.com\/maps?q=Ul.%20Stefana%20%C5%BBeromskiego%2038A%2C%20Ostrowiec%20Swietokrzyski%20%E2%80%8B&#038;t=m&#038;z=13&#038;output=embed&#038;iwloc=near\"\n\t\t\t\t\ttitle=\"Ul. Stefana \u017beromskiego 38A, Ostrowiec Swietokrzyski \u200b\"\n\t\t\t\t\taria-label=\"Ul. Stefana \u017beromskiego 38A, Ostrowiec Swietokrzyski \u200b\"\n\t\t\t><\/iframe>\n\t\t<\/div>\n\t\t\t\t<\/div>\n\t\t\t\t<\/div>\n\t\t\t\t<\/div>\n\t\t<div class=\"elementor-element elementor-element-9a92ce2 e-con-full e-flex e-con e-child\" data-id=\"9a92ce2\" data-element_type=\"container\">\n\t\t\t\t<div class=\"elementor-element elementor-element-cf19e08 elementor-widget elementor-widget-heading\" data-id=\"cf19e08\" data-element_type=\"widget\" data-widget_type=\"heading.default\">\n\t\t\t\t<div class=\"elementor-widget-container\">\n\t\t\t<h3 class=\"elementor-heading-title elementor-size-default\">Godziny otwarcia:<\/h3>\t\t<\/div>\n\t\t\t\t<\/div>\n\t\t\t\t<div class=\"elementor-element elementor-element-cd42bf9 elementor-align-center elementor-widget elementor-widget-button\" data-id=\"cd42bf9\" data-element_type=\"widget\" data-widget_type=\"button.default\">\n\t\t\t\t<div class=\"elementor-widget-container\">\n\t\t\t\t\t<div class=\"elementor-button-wrapper\">\n\t\t\t<a class=\"elementor-button elementor-button-link elementor-size-sm\" href=\"http:\/\/(41)2631952,%20kom.795755992,%20531099140\">\n\t\t\t\t\t\t<span class=\"elementor-button-content-wrapper\">\n\t\t\t\t\t\t<span class=\"elementor-button-icon\">\n\t\t\t\t<svg aria-hidden=\"true\" class=\"e-font-icon-svg e-fas-phone-square-alt\" viewBox=\"0 0 448 512\" xmlns=\"http:\/\/www.w3.org\/2000\/svg\"><path d=\"M400 32H48A48 48 0 0 0 0 80v352a48 48 0 0 0 48 48h352a48 48 0 0 0 48-48V80a48 48 0 0 0-48-48zm-16.39 307.37l-15 65A15 15 0 0 1 354 416C194 416 64 286.29 64 126a15.7 15.7 0 0 1 11.63-14.61l65-15A18.23 18.23 0 0 1 144 96a16.27 16.27 0 0 1 13.79 9.09l30 70A17.9 17.9 0 0 1 189 181a17 17 0 0 1-5.5 11.61l-37.89 31a231.91 231.91 0 0 0 110.78 110.78l31-37.89A17 17 0 0 1 299 291a17.85 17.85 0 0 1 5.91 1.21l70 30A16.25 16.25 0 0 1 384 336a17.41 17.41 0 0 1-.39 3.37z\"><\/path><\/svg>\t\t\t<\/span>\n\t\t\t\t\t\t\t\t\t<span class=\"elementor-button-text\">(41)2631952, kom.795755992, 531099140<\/span>\n\t\t\t\t\t<\/span>\n\t\t\t\t\t<\/a>\n\t\t<\/div>\n\t\t\t\t<\/div>\n\t\t\t\t<\/div>\n\t\t\t\t<div class=\"elementor-element elementor-element-04e53e7 elementor-widget elementor-widget-text-editor\" data-id=\"04e53e7\" data-element_type=\"widget\" data-widget_type=\"text-editor.default\">\n\t\t\t\t<div class=\"elementor-widget-container\">\n\t\t\t<style>\/*! elementor - v3.23.0 - 15-07-2024 *\/\n.elementor-widget-text-editor.elementor-drop-cap-view-stacked .elementor-drop-cap{background-color:#69727d;color:#fff}.elementor-widget-text-editor.elementor-drop-cap-view-framed .elementor-drop-cap{color:#69727d;border:3px solid;background-color:transparent}.elementor-widget-text-editor:not(.elementor-drop-cap-view-default) .elementor-drop-cap{margin-top:8px}.elementor-widget-text-editor:not(.elementor-drop-cap-view-default) .elementor-drop-cap-letter{width:1em;height:1em}.elementor-widget-text-editor .elementor-drop-cap{float:left;text-align:center;line-height:1;font-size:50px}.elementor-widget-text-editor .elementor-drop-cap-letter{display:inline-block}<\/style>\t\t\t\t<div class=\"x9f619 x1n2onr6 x1ja2u2z x2lah0s x1qughib xozqiw3 x1q0g3np x6s0dn4 x78zum5 xdj266r x11i5rnm xat24cr x1mh8g0r xexx8yu x4uap5 x18d9i69 xkhd6sd\"><div class=\"x9f619 x1n2onr6 x1ja2u2z x78zum5 xdt5ytf x2lah0s x193iq5w xeuugli xwib8y2 x1y1aw1k\"><span class=\"x193iq5w xeuugli x13faqbe x1vvkbs xlh3980 xvmahel x1n0sxbx x1lliihq x1s928wv xhkezso x1gmr53x x1cpjm7i x1fgarty x1943h6x x4zkp8e x3x7a5m x1f6kntn xvq8zen xk50ysn xzsf02u\" dir=\"auto\">poniedzia\u0142ek &#8211; <\/span>pi\u0105tek<\/div><\/div><div class=\"x9f619 x1n2onr6 x1ja2u2z x2lah0s x1qughib xozqiw3 x1q0g3np x6s0dn4 x78zum5 xdj266r x11i5rnm xat24cr x1mh8g0r xexx8yu x4uap5 x18d9i69 xkhd6sd\"><div class=\"x9f619 x1n2onr6 x1ja2u2z x78zum5 xdt5ytf x2lah0s x193iq5w xeuugli xwib8y2 x1y1aw1k\"><div class=\"x78zum5 xdt5ytf\"><div class=\"x78zum5 x13a6bvl\"><strong><span class=\"x193iq5w xeuugli x13faqbe x1vvkbs xlh3980 xvmahel x1n0sxbx x1lliihq x1s928wv xhkezso x1gmr53x x1cpjm7i x1fgarty x1943h6x x4zkp8e x3x7a5m x1f6kntn xvq8zen xo1l8bm xi81zsa\" dir=\"auto\">08:00 &#8211; 19:00<\/span><\/strong><\/div><div class=\"x78zum5 x13a6bvl\">sobota<\/div><\/div><\/div><\/div><div class=\"x9f619 x1n2onr6 x1ja2u2z x2lah0s x1qughib xozqiw3 x1q0g3np x6s0dn4 x78zum5 xdj266r x11i5rnm xat24cr x1mh8g0r xexx8yu x4uap5 x18d9i69 xkhd6sd\"><div class=\"x9f619 x1n2onr6 x1ja2u2z x78zum5 xdt5ytf x2lah0s x193iq5w xeuugli xwib8y2 x1y1aw1k\"><div class=\"x78zum5 xdt5ytf\"><div class=\"x78zum5 x13a6bvl\"><strong><span class=\"x193iq5w xeuugli x13faqbe x1vvkbs xlh3980 xvmahel x1n0sxbx x1lliihq x1s928wv xhkezso x1gmr53x x1cpjm7i x1fgarty x1943h6x x4zkp8e x3x7a5m x1f6kntn xvq8zen xo1l8bm xi81zsa\" dir=\"auto\">08:00 &#8211; 15:00<\/span><\/strong><\/div><div class=\"x78zum5 x13a6bvl\">niedziela handlowa<\/div><\/div><\/div><\/div><div class=\"x9f619 x1n2onr6 x1ja2u2z x2lah0s x1qughib xozqiw3 x1q0g3np x6s0dn4 x78zum5 xdj266r x11i5rnm xat24cr x1mh8g0r xexx8yu x4uap5 x18d9i69 xkhd6sd\"><div class=\"x9f619 x1n2onr6 x1ja2u2z x78zum5 xdt5ytf x2lah0s x193iq5w xeuugli xwib8y2 x1y1aw1k\"><div class=\"x78zum5 xdt5ytf\"><div class=\"x78zum5 x13a6bvl\"><span class=\"x193iq5w xeuugli x13faqbe x1vvkbs xlh3980 xvmahel x1n0sxbx x1lliihq x1s928wv xhkezso x1gmr53x x1cpjm7i x1fgarty x1943h6x x4zkp8e x3x7a5m x1f6kntn xvq8zen xo1l8bm xi81zsa\" dir=\"auto\"><strong>09:00 &#8211; 15:00<\/strong><\/span><\/div><\/div><\/div><\/div>\t\t\t\t\t\t<\/div>\n\t\t\t\t<\/div>\n\t\t\t\t<div class=\"elementor-element elementor-element-085d90f elementor-align-center elementor-widget elementor-widget-button\" data-id=\"085d90f\" data-element_type=\"widget\" data-widget_type=\"button.default\">\n\t\t\t\t<div class=\"elementor-widget-container\">\n\t\t\t\t\t<div class=\"elementor-button-wrapper\">\n\t\t\t<a class=\"elementor-button elementor-button-link elementor-size-sm\" href=\"https:\/\/www.facebook.com\/MedaxSpJawna\">\n\t\t\t\t\t\t<span class=\"elementor-button-content-wrapper\">\n\t\t\t\t\t\t<span class=\"elementor-button-icon\">\n\t\t\t\t<svg aria-hidden=\"true\" class=\"e-font-icon-svg e-fab-facebook-square\" viewBox=\"0 0 448 512\" xmlns=\"http:\/\/www.w3.org\/2000\/svg\"><path d=\"M400 32H48A48 48 0 0 0 0 80v352a48 48 0 0 0 48 48h137.25V327.69h-63V256h63v-54.64c0-62.15 37-96.48 93.67-96.48 27.14 0 55.52 4.84 55.52 4.84v61h-31.27c-30.81 0-40.42 19.12-40.42 38.73V256h68.78l-11 71.69h-57.78V480H400a48 48 0 0 0 48-48V80a48 48 0 0 0-48-48z\"><\/path><\/svg>\t\t\t<\/span>\n\t\t\t\t\t\t\t\t\t<span class=\"elementor-button-text\">Facebook<\/span>\n\t\t\t\t\t<\/span>\n\t\t\t\t\t<\/a>\n\t\t<\/div>\n\t\t\t\t<\/div>\n\t\t\t\t<\/div>\n\t\t\t\t<\/div>\n\t\t\t\t\t<\/div>\n\t\t\t\t<\/div>\n\t\t<div class=\"elementor-element elementor-element-3398f8e e-flex e-con-boxed e-con e-parent\" data-id=\"3398f8e\" data-element_type=\"container\">\n\t\t\t\t\t<div class=\"e-con-inner\">\n\t\t\t\t\t<\/div>\n\t\t\t\t<\/div>\n\t\t\t\t<\/div>\n\t\t","protected":false},"excerpt":{"rendered":"<p>Centrum Ogrodnicze w Ostrowcu \u015awi\u0119tokrzyskim Ul. Stefana \u017beromskiego 38A,Ostrowiec Swietokrzyski Godziny otwarcia: (41)2631952, kom.795755992, 531099140 poniedzia\u0142ek &#8211; pi\u0105tek08:00 &#8211; 19:00sobota08:00 &#8211; 15:00niedziela handlowa09:00 &#8211; 15:00 Facebook<\/p>\n","protected":false},"author":1,"featured_media":0,"parent":0,"menu_order":0,"comment_status":"closed","ping_status":"closed","template":"elementor_canvas","meta":{"footnotes":""},"class_list":["post-7","page","type-page","status-publish","hentry"],"_links":{"self":[{"href":"https:\/\/ogrodostrowiec.pl\/index.php\/wp-json\/wp\/v2\/pages\/7","targetHints":{"allow":["GET"]}}],"collection":[{"href":"https:\/\/ogrodostrowiec.pl\/index.php\/wp-json\/wp\/v2\/pages"}],"about":[{"href":"https:\/\/ogrodostrowiec.pl\/index.php\/wp-json\/wp\/v2\/types\/page"}],"author":[{"embeddable":true,"href":"https:\/\/ogrodostrowiec.pl\/index.php\/wp-json\/wp\/v2\/users\/1"}],"replies":[{"embeddable":true,"href":"https:\/\/ogrodostrowiec.pl\/index.php\/wp-json\/wp\/v2\/comments?post=7"}],"version-history":[{"count":65,"href":"https:\/\/ogrodostrowiec.pl\/index.php\/wp-json\/wp\/v2\/pages\/7\/revisions"}],"predecessor-version":[{"id":99,"href":"https:\/\/ogrodostrowiec.pl\/index.php\/wp-json\/wp\/v2\/pages\/7\/revisions\/99"}],"wp:attachment":[{"href":"https:\/\/ogrodostrowiec.pl\/index.php\/wp-json\/wp\/v2\/media?parent=7"}],"curies":[{"name":"wp","href":"https:\/\/api.w.org\/{rel}","templated":true}]}}